{"id":130011,"date":"2023-07-10T13:32:20","date_gmt":"2023-07-10T13:32:20","guid":{"rendered":"https:\/\/sii.pl\/polonia-warszawa-2\/"},"modified":"2026-04-16T11:24:16","modified_gmt":"2026-04-16T11:24:16","slug":"polonia-warszawa","status":"publish","type":"page","link":"https:\/\/sii.pl\/de\/polonia-warszawa\/","title":{"rendered":"Polonia Warszawa"},"content":{"rendered":"<div class=\"nsw-o-info-lead  -regular-title -horizontal-dark-overlay   \" >\n    <div class=\"nsw-o-info-lead__overlay\" style=\"position:relative;\">\n                    <div class=\"nsw-o-info-lead__background d-flex flex-column justify-content-center align-items-center\">\n                                    <img decoding=\"async\" src=\"https:\/\/sii.pl\/wp-content\/uploads\/2026\/01\/top_desktop.png\" alt=\"KS Polonia \" class=\"u-hidden-on-mobile-small\" data-no-lazy=\"1\">\n                    <img decoding=\"async\" src=\"https:\/\/sii.pl\/wp-content\/uploads\/2026\/01\/top_mobile.png\" alt=\"KS Polonia\" class=\"u-visible-on-mobile-small\" data-no-lazy=\"1\">\n                            <\/div>\n                        <div class=\"nsw-o-info-lead__content container -nsw-container d-flex  flex-column \">\n           <div class=\"nsw-o-info-lead__breadcrumbs u-hidden-on-mobile\">\n                                  <ul class=\"nsw-m-breadcrumbs d-flex align-items-center flex-wrap -invert\" itemscope=\"\" itemtype=\"https:\/\/schema.org\/BreadcrumbList\">\n        <li class=\"nsw-m-breadcrumbs__item\" itemprop=\"itemListElement\" itemscope=\"\" itemtype=\"https:\/\/schema.org\/ListItem\">\n        <a class=\" u-color-invert  \" itemprop=\"item\" href=\"https:\/\/sii.pl\/de\/\">\n            <span itemprop=\"name\" property=\"name\">Home<\/span>\n        <\/a>\n    <\/li>\n        <\/ul>                          <\/div>\n            <div class=\"nsw-o-info-lead__back-content u-hidden-on-desktop\">\n                                                                                        <a  href=\"https:\/\/sii.pl\/de\/\" class=\"nsw-a-button -link-invert -icon-left -icon-small u-hidden-on-desktop nsw-o-info-lead__back-btn\"   >\n            <span class=\"nsw-a-button__icon\">\n            <svg width=\"4\" height=\"7\" viewBox=\"0 0 4 7\" xmlns=\"http:\/\/www.w3.org\/2000\/svg\">\n    <path fill-rule=\"evenodd\" clip-rule=\"evenodd\" d=\"M3.85355 6.35355C3.65829 6.54882 3.34171 6.54882 3.14645 6.35355L0.292893 3.5L3.14645 0.646447C3.34171 0.451184 3.65829 0.451184 3.85355 0.646447C4.04882 0.841709 4.04882 1.15829 3.85355 1.35355L1.70711 3.5L3.85355 5.64645C4.04882 5.84171 4.04882 6.15829 3.85355 6.35355Z\"\/>\n<\/svg>\n\n        <\/span>\n        <span>Home<\/span>\n    <\/a>\n                                                                        <\/div>\n            <div class=\"nsw-o-info-lead__row d-flex flex-column justify-content-between mt-auto\">\n                                                <div class=\"nsw-m-title-block -h2 -ph4 -invert\">\n                                <h1 class=\"nsw-m-title-block__title\">Wir sind Hauptpartner eines legend\u00e4ren Clubs<\/h1>\n                        <p class=\"nsw-m-title-block__subtitle\"><\/p>\n    <\/div>\n\n                <div class=\"nsw-o-info-lead__controls-button\">\n                                                                                                                    <a  href=\"https:\/\/sii.pl\/de\/kontaktieren-sie-uns\/\" class=\"nsw-a-button \"   >\n        <span>Anfrage senden<\/span>\n    <\/a>\n                                                                                                                                                            <a  href=\"https:\/\/kspolonia.pl\/en\/\" class=\"nsw-a-button  -invert\"    rel=\"nofollow\" >\n        <span>Mehr \u00fcber Polonia<\/span>\n    <\/a>\n                                                                                <\/div>\n\n            <\/div>\n                                            <\/div>\n    <\/div>\n<\/div><section class=\"wp-block-nsw-block-section nsw-section  section-801e0f14-059a-4f24-907e-a9bc3a94331f\" id=\"\"><style type=\"text\/css\">.section-801e0f14-059a-4f24-907e-a9bc3a94331f { padding-top:100px;padding-bottom:60px;background:#F5F9FE; }\n     \t\t\t\t\t @media screen and (max-width: 991px) { .section-801e0f14-059a-4f24-907e-a9bc3a94331f { padding-top:60px;padding-bottom:30px; } }<\/style><div class=\"wp-block-sii-nsw-container container container-64e07e8b-1ad8-4a41-b6fe-73d816314a89 hide-on-mobile\"><style type=\"text\/css\">.container-64e07e8b-1ad8-4a41-b6fe-73d816314a89 {  }\n                         @media screen and (max-width: 991px) { .container-64e07e8b-1ad8-4a41-b6fe-73d816314a89 {  } }<\/style><div class=\"wp-block-columns is-layout-flex wp-container-core-columns-is-layout-1 wp-block-columns-is-layout-flex\"><div class=\"wp-block-column is-layout-flow wp-block-column-is-layout-flow\" style=\"flex-basis:100%\"><h2 class=\"wp-block-heading has-nsw-p-0-font-size\">Sii Polska ist <mark style=\"background-color:rgba(0, 0, 0, 0)\" class=\"has-inline-color has-nswc-gradient-color\">Hauptsponsor von Polonia Warschau<\/mark>, dem \u00e4ltesten Fu\u00dfballverein der Hauptstadt. Als stolzer Sponsor streben wir gemeinsam mit Polonia Warschau danach, ein dauerhaftes Erbe des Erfolgs zu schaffen \u2013 sowohl auf dem Spielfeld als auch dar\u00fcber hinaus.<\/h2>\n\n<p><\/p><\/div><\/div><\/div><\/section><section class=\"wp-block-nsw-block-section nsw-section  section-4feea610-a62b-4811-89c0-cedafc1f7d72\" id=\"\"><style type=\"text\/css\">.section-4feea610-a62b-4811-89c0-cedafc1f7d72 { padding-top:60px;padding-bottom:80px;background:undefined; }\n     \t\t\t\t\t @media screen and (max-width: 991px) { .section-4feea610-a62b-4811-89c0-cedafc1f7d72 { padding-top:30px;padding-bottom:30px; } }<\/style><div class=\"wp-block-sii-nsw-container container container-10e780c8-4f33-4348-ba63-3ce1057a1641\"><style type=\"text\/css\">.container-10e780c8-4f33-4348-ba63-3ce1057a1641 { margin-top:72px; }\n                         @media screen and (max-width: 991px) { .container-10e780c8-4f33-4348-ba63-3ce1057a1641 { margin-top:20px; } }<\/style><div class=\"nsw-m-movie-box -movie-left\">\n    <div class=\"row nsw-m-movie-box__row\">\n        <div class=\"col-12 col-md-6 col-lg-7\">\n                            <a href=\"#\" class=\"nsw-m-movie-box__link d-flex flex-column\" rel=\"nofollow\" data-lity=\"\" data-lity-target=\"https:\/\/sii.pl\/wp-content\/uploads\/2026\/01\/Canal_plus.png\">\n                    <div class=\"nsw-m-movie-box__image d-flex flex-column\">\n                                                <img decoding=\"async\" src=\"https:\/\/sii.pl\/wp-content\/uploads\/2026\/01\/Canal_plus.png\" alt=\"\" \/>\n                                                                    <\/div>\n                <\/a>\n                    <\/div>\n        <div class=\"col-12 col-md-6 col-lg-5\">\n            <div class=\"nsw-m-movie-box__content u-mobile-top-positive-24\">\n                                <h2 class=\"nsw-m-movie-box__title has-nsw-h-3-font-size has-nswc-gradient-color d-inline-block\">Wiedergeburt des Clubs<\/h2>\n                <div class=\"nsw-m-movie-box__desc has-nsw-p-4-font-size u-color-nswc-grey-1000 u-margin-positive-16 u-mobile-top-positive-8\">\n                    <p>Wir sind seit 2020 ein engagierter F\u00f6rderer des Warschauer Vereins. Unerm\u00fcdlich setzen wir uns daf\u00fcr ein, die lokale Gemeinschaft bei der Wiederbelebung von Polonia Warschau zu unterst\u00fctzen. Wir sind stolz darauf, zum rasanten Aufstieg dieses traditionsreichen Clubs von der 3. in die 1. Liga innerhalb von nur zwei Jahren beigetragen zu haben.<\/p>\n\n                <\/div>\n                                        <div class=\"nsw-m-movie-box__button u-margin-positive-24 u-mobile-top-positive-16\">\n                            <a  href=\"https:\/\/www.canalplus.com\/pl\/sport\/polonia-warszawa-kiedys-to-bylo\/h\/14582491_70204\" class=\"nsw-a-button -ghost-primary\" target=_blank   rel=\"nofollow\" >\n        <span>Sieh dir die Serie \u00fcber die Geschichte von Polonia an<\/span>\n    <\/a>\n                        <\/div>\n                            <\/div>\n        <\/div>\n    <\/div>\n\n<\/div>\n\n<div style=\"height:50px\" aria-hidden=\"true\" class=\"wp-block-spacer u-hidden-on-mobile\"><\/div>\n\n<div style=\"height:50px\" aria-hidden=\"true\" class=\"wp-block-spacer\"><\/div>\n\n<div class=\"nsw-m-movie-box -movie-right\">\n    <div class=\"row nsw-m-movie-box__row\">\n        <div class=\"col-12 col-md-6 col-lg-7 order-md-2\">\n                            <a href=\"#\" class=\"nsw-m-movie-box__link d-flex flex-column\" rel=\"nofollow\" data-lity=\"\" data-lity-target=\"https:\/\/sii.pl\/wp-content\/uploads\/2023\/07\/MicrosoftTeams-image-161.jpg\">\n                    <div class=\"nsw-m-movie-box__image d-flex flex-column\">\n                                                <img decoding=\"async\" src=\"https:\/\/sii.pl\/wp-content\/uploads\/2023\/07\/MicrosoftTeams-image-161.jpg\" alt=\"\" \/>\n                                                                    <\/div>\n                <\/a>\n                    <\/div>\n        <div class=\"col-12 col-md-6 col-lg-5 order-md-1\">\n            <div class=\"nsw-m-movie-box__content u-mobile-top-positive-24\">\n                                <h2 class=\"nsw-m-movie-box__title has-nsw-h-3-font-size has-nswc-gradient-color d-inline-block\">Finanzielle Unterst\u00fctzung<\/h2>\n                <div class=\"nsw-m-movie-box__desc has-nsw-p-4-font-size u-color-nswc-grey-1000 u-margin-positive-16 u-mobile-top-positive-8\">\n                    <p>Unser Engagement f\u00fcr die Entwicklung von Polonia Warschau zeigt sich auch in der finanziellen Unterst\u00fctzung. Seit 2020 haben wir dem Verein 3 Millionen PLN zur Verf\u00fcgung gestellt. Und das ist noch nicht das Ende unserer Investitionen \u2013 den vollst\u00e4ndigen Finanzbericht zum Clubbudget findest du auf der Website von Polonia.<\/p>\n\n                <\/div>\n                                        <div class=\"nsw-m-movie-box__button u-margin-positive-24 u-mobile-top-positive-16\">\n                            <a  href=\"https:\/\/kspolonia.pl\/en\/financial-statements\/\" class=\"nsw-a-button -ghost-primary\" target=_blank   rel=\"nofollow\" >\n        <span>Sieh dir den Finanzbericht von KS Polonia an<\/span>\n    <\/a>\n                        <\/div>\n                            <\/div>\n        <\/div>\n    <\/div>\n\n<\/div>\n\n<div style=\"height:50px\" aria-hidden=\"true\" class=\"wp-block-spacer u-hidden-on-mobile\"><\/div>\n\n<div style=\"height:50px\" aria-hidden=\"true\" class=\"wp-block-spacer\"><\/div>\n\n<div class=\"nsw-m-movie-box -movie-left\">\n    <div class=\"row nsw-m-movie-box__row\">\n        <div class=\"col-12 col-md-6 col-lg-7\">\n                            <a href=\"#\" class=\"nsw-m-movie-box__link d-flex flex-column\" rel=\"nofollow\" data-lity=\"\" data-lity-target=\"https:\/\/sii.pl\/wp-content\/uploads\/2023\/07\/LP_Polonia_2-1.jpg\">\n                    <div class=\"nsw-m-movie-box__image d-flex flex-column\">\n                                                <img decoding=\"async\" src=\"https:\/\/sii.pl\/wp-content\/uploads\/2023\/07\/LP_Polonia_2-1.jpg\" alt=\"\" \/>\n                                                                    <\/div>\n                <\/a>\n                    <\/div>\n        <div class=\"col-12 col-md-6 col-lg-5\">\n            <div class=\"nsw-m-movie-box__content u-mobile-top-positive-24\">\n                                <h2 class=\"nsw-m-movie-box__title has-nsw-h-3-font-size has-nswc-gradient-color d-inline-block\">Gegenseitige Vorteile<\/h2>\n                <div class=\"nsw-m-movie-box__desc has-nsw-p-4-font-size u-color-nswc-grey-1000 u-margin-positive-16 u-mobile-top-positive-8\">\n                    <p>Die Partnerschaft bringt Vorteile f\u00fcr uns und unsere Power People, die sich \u00fcber kostenlose Eintrittskarten f\u00fcr die Spiele freuen \u2013 und so ein starkes Gemeinschaftsgef\u00fchl entsteht. Dar\u00fcber hinaus profitiert Sii von hoher Sichtbarkeit bei den Spielen und in den Medien, was zu gr\u00f6\u00dferer Reichweite und Markenpr\u00e4senz f\u00fchrt. Allein im letzten Jahr generierte der Club f\u00fcr Sii einen Werbewert von 72 Millionen PLN, was das Potenzial und die Rendite der Partnerschaft eindrucksvoll best\u00e4tigt. Neben den finanziellen Vorteilen kann KS Polonia auch auf die Unterst\u00fctzung von Sii im Bereich IT, Video und Grafik z\u00e4hlen.<\/p>\n\n                <\/div>\n                            <\/div>\n        <\/div>\n    <\/div>\n\n<\/div>\n\n<div style=\"height:50px\" aria-hidden=\"true\" class=\"wp-block-spacer u-hidden-on-mobile\"><\/div><\/div><\/section><section class=\"wp-block-nsw-block-section nsw-section  section-f1c2bd19-9f62-450f-838b-24955e03344f\" id=\"\"><style type=\"text\/css\">.section-f1c2bd19-9f62-450f-838b-24955e03344f { padding-top:120px;padding-bottom:120px;background:#F5F9FE; }\n     \t\t\t\t\t @media screen and (max-width: 991px) { .section-f1c2bd19-9f62-450f-838b-24955e03344f { padding-top:48px;padding-bottom:10px; } }<\/style><div class=\"wp-block-sii-nsw-container container container-54e11b04-e780-4acb-9d42-65673b15a974\"><style type=\"text\/css\">.container-54e11b04-e780-4acb-9d42-65673b15a974 {  }\n                         @media screen and (max-width: 991px) { .container-54e11b04-e780-4acb-9d42-65673b15a974 {  } }<\/style><div class=\"wp-block-columns are-vertically-aligned-center is-layout-flex wp-container-core-columns-is-layout-2 wp-block-columns-is-layout-flex\"><div class=\"wp-block-column is-vertically-aligned-center is-layout-flow wp-block-column-is-layout-flow\" style=\"flex-basis:45%\"><div class=\"wp-block-sii-nsw-header container\"><style type=\"text\/css\">.header-4a2112ad-858a-4895-9742-abbd52157409 .nsw-m-title-block__title, .header-4a2112ad-858a-4895-9742-abbd52157409 .nsw-m-title-block__subtitle {  }\n                         @media screen and (max-width: 991px) { .header-4a2112ad-858a-4895-9742-abbd52157409 .nsw-m-title-block__title, .header-4a2112ad-858a-4895-9742-abbd52157409 .nsw-m-title-block__subtitle {  } }<\/style><header class=\"nsw-header nsw-m-title-block  header-4a2112ad-858a-4895-9742-abbd52157409 -h2 -uppercase -p2 \"><span class=\"nsw-m-title-block__above-title \"><\/span><h2 class=\"nsw-m-title-block__title \"><mark style=\"background-color:rgba(0, 0, 0, 0)\" class=\"has-inline-color has-nswc-gradient-color\">Werde Sponsor<\/mark><\/h2><p class=\"nsw-m-title-block__subtitle \"><\/p><\/header><\/div>\n\n<div style=\"height:25px\" aria-hidden=\"true\" class=\"wp-block-spacer\"><\/div>\n\n<h2 class=\"wp-block-heading has-nsw-h-4-font-size\">Verbinden Sie Ihre Marke mit einem der traditionsreichsten Fu\u00dfballvereine Polens und gewinnen Sie Sichtbarkeit bei Stadionbesuchern, nationalen Medien sowie auf digitalen Plattformen. Sponsoring er\u00f6ffnet Zugang zu starken Gesch\u00e4ftsentwicklungsm\u00f6glichkeiten durch B2B\u2011Networking, CSR\u2011Initiativen und direkte Einbindung in die Fangemeinschaft.<\/h2>\n\n<div style=\"height:25px\" aria-hidden=\"true\" class=\"wp-block-spacer\"><\/div>\n\n<div class=\"wp-block-buttons is-layout-flex wp-block-buttons-is-layout-flex\"><div class=\"wp-block-button is-style-nsw-gradient-button\"><a class=\"wp-block-button__link wp-element-button\" href=\"https:\/\/kspolonia.pl\/wp-content\/uploads\/2025\/12\/KSPolonia_sponsoring_2026.pdf\" target=\"_blank\" rel=\"noreferrer noopener\" rel=\"nofollow\" ><strong>Sieh dir das Gesch\u00e4ftsangebot an<\/strong><\/a><\/div><\/div>\n\n<div style=\"height:40px\" aria-hidden=\"true\" class=\"wp-block-spacer u-hidden-on-mobile\"><\/div><\/div>\n\n<div class=\"wp-block-column is-layout-flow wp-block-column-is-layout-flow\" style=\"flex-basis:20%\"><\/div>\n\n<div class=\"wp-block-column is-vertically-aligned-center is-style-nsw-overlapped-left u-hidden-on-mobile is-layout-flow wp-block-column-is-layout-flow\" style=\"flex-basis:45%\"><figure class=\"wp-block-image size-full is-style-default\"><img decoding=\"async\" width=\"1012\" height=\"873\" src=\"https:\/\/sii.pl\/wp-content\/uploads\/2026\/01\/Sponsoring-1.png\" alt=\"\" class=\"wp-image-135898\" style=\"aspect-ratio:1;object-fit:cover\" srcset=\"https:\/\/sii.pl\/wp-content\/uploads\/2026\/01\/Sponsoring-1.png 1012w, https:\/\/sii.pl\/wp-content\/uploads\/2026\/01\/Sponsoring-1-400x345.png 400w, https:\/\/sii.pl\/wp-content\/uploads\/2026\/01\/Sponsoring-1-768x663.png 768w, https:\/\/sii.pl\/wp-content\/uploads\/2026\/01\/Sponsoring-1-600x518.png 600w\" sizes=\"(max-width: 1012px) 100vw, 1012px\" \/><\/figure><\/div><\/div><\/div><\/section><div style=\"height:120px\" aria-hidden=\"true\" class=\"wp-block-spacer\"><\/div><div class=\"nsw-o-social-section\">\n    <div class=\"container d-md-flex justify-content-between\">\n        <div class=\"nsw-m-title-block -h2 -uppercase -ph3 -has-title-mark-color-gradient-main\">\n                                <h2 class=\"nsw-m-title-block__title\">Sp\u00fcre <mark>den Geist des Clubs<\/mark><\/h2>\n                        <p class=\"nsw-m-title-block__subtitle\"><\/p>\n    <\/div>\n        <ul class=\"nsw-o-social-section__icon-list d-flex align-items-start\">\n                            <li class=\"d-flex align-items-center\">\n                    <a href=\"https:\/\/www.facebook.com\/poloniawarszawaofficial\" target=\"_blank\" rel=\"nofollow\" >\n                        <svg xmlns=\"http:\/\/www.w3.org\/2000\/svg\" viewBox=\"0 0 512 512\"><path d=\"M504 256C504 119 393 8 256 8S8 119 8 256c0 123.78 90.69 226.38 209.25 245V327.69h-63V256h63v-54.64c0-62.15 37-96.48 93.67-96.48 27.14 0 55.52 4.84 55.52 4.84v61h-31.28c-30.8 0-40.41 19.12-40.41 38.73V256h68.78l-11 71.69h-57.78V501C413.31 482.38 504 379.78 504 256z\"\/><\/svg>\n                    <\/a>\n                <\/li>\n                            <li class=\"d-flex align-items-center\">\n                    <a href=\"https:\/\/www.youtube.com\/poloniawarszawa\" target=\"_blank\" rel=\"nofollow\" >\n                           <svg version=\"1.1\" xmlns=\"http:\/\/www.w3.org\/2000\/svg\" xmlns:xlink=\"http:\/\/www.w3.org\/1999\/xlink\" id=\"fa-youtube\" viewBox=\"0 0 576 512\" >\n    <path d=\"M549.655 124.083c-6.281-23.65-24.787-42.276-48.284-48.597C458.781 64 288 64 288 64S117.22 64 74.629 75.486c-23.497 6.322-42.003 24.947-48.284 48.597-11.412 42.867-11.412 132.305-11.412 132.305s0 89.438 11.412 132.305c6.281 23.65 24.787 41.5 48.284 47.821C117.22 448 288 448 288 448s170.78 0 213.371-11.486c23.497-6.321 42.003-24.171 48.284-47.821 11.412-42.867 11.412-132.305 11.412-132.305s0-89.438-11.412-132.305zm-317.51 213.508V175.185l142.739 81.205-142.739 81.201z\"><\/path>\n  <\/svg>\n                    <\/a>\n                <\/li>\n                            <li class=\"d-flex align-items-center\">\n                    <a href=\"https:\/\/www.instagram.com\/poloniawarszawa_official\/\" target=\"_blank\" rel=\"nofollow\" >\n                        <svg width=\"25\" height=\"24\" viewBox=\"0 0 25 24\" xmlns=\"http:\/\/www.w3.org\/2000\/svg\">\n<path d=\"M7.79146 0.0751953H17.8084C21.6244 0.0751953 24.7249 3.17568 24.7249 6.99165V17.0086C24.7249 18.843 23.9962 20.6022 22.6991 21.8993C21.402 23.1964 19.6428 23.925 17.8084 23.925H7.79146C3.97548 23.925 0.875 20.8246 0.875 17.0086V6.99165C0.875 5.15729 1.6037 3.39807 2.90078 2.10098C4.19787 0.803892 5.9571 0.0751953 7.79146 0.0751953ZM7.55296 2.46018C6.41439 2.46018 5.32246 2.91248 4.51737 3.71756C3.71228 4.52265 3.25999 5.61459 3.25999 6.75315V17.2471C3.25999 19.6202 5.1799 21.5401 7.55296 21.5401H18.0469C19.1855 21.5401 20.2774 21.0878 21.0825 20.2827C21.8876 19.4776 22.3399 18.3857 22.3399 17.2471V6.75315C22.3399 4.38009 20.42 2.46018 18.0469 2.46018H7.55296ZM19.0605 4.24892C19.4558 4.24892 19.835 4.40597 20.1145 4.68551C20.3941 4.96506 20.5511 5.3442 20.5511 5.73954C20.5511 6.13487 20.3941 6.51402 20.1145 6.79356C19.835 7.07311 19.4558 7.23015 19.0605 7.23015C18.6652 7.23015 18.286 7.07311 18.0065 6.79356C17.7269 6.51402 17.5699 6.13487 17.5699 5.73954C17.5699 5.3442 17.7269 4.96506 18.0065 4.68551C18.286 4.40597 18.6652 4.24892 19.0605 4.24892ZM12.7999 6.03766C14.3813 6.03766 15.8978 6.66585 17.016 7.78402C18.1342 8.9022 18.7624 10.4188 18.7624 12.0001C18.7624 13.5815 18.1342 15.098 17.016 16.2162C15.8978 17.3344 14.3813 17.9626 12.7999 17.9626C11.2186 17.9626 9.70201 17.3344 8.58383 16.2162C7.46565 15.098 6.83746 13.5815 6.83746 12.0001C6.83746 10.4188 7.46565 8.9022 8.58383 7.78402C9.70201 6.66585 11.2186 6.03766 12.7999 6.03766ZM12.7999 8.42264C11.8511 8.42264 10.9412 8.79956 10.2703 9.47046C9.59936 10.1414 9.22245 11.0513 9.22245 12.0001C9.22245 12.9489 9.59936 13.8589 10.2703 14.5298C10.9412 15.2007 11.8511 15.5776 12.7999 15.5776C13.7487 15.5776 14.6587 15.2007 15.3296 14.5298C16.0005 13.8589 16.3774 12.9489 16.3774 12.0001C16.3774 11.0513 16.0005 10.1414 15.3296 9.47046C14.6587 8.79956 13.7487 8.42264 12.7999 8.42264Z\"\/>\n<\/svg>\n\n                    <\/a>\n                <\/li>\n                            <li class=\"d-flex align-items-center\">\n                    <a href=\"https:\/\/www.tiktok.com\/@poloniawarszawa_official\" target=\"_blank\" rel=\"nofollow\" >\n                        <svg width=\"20\" height=\"24\" viewBox=\"0 0 20 24\" xmlns=\"http:\/\/www.w3.org\/2000\/svg\">\n<path d=\"M15.7604 4.29403C14.9079 3.32086 14.4382 2.07107 14.4385 0.777344H10.5851V16.2408C10.5554 17.0776 10.2021 17.8702 9.59966 18.4517C8.9972 19.0332 8.19259 19.3583 7.35526 19.3584C5.58445 19.3584 4.11293 17.9118 4.11293 16.1161C4.11293 13.9711 6.18303 12.3624 8.31549 13.0234V9.0827C4.01316 8.50906 0.24707 11.8512 0.24707 16.1161C0.24707 20.2688 3.68893 23.2243 7.34279 23.2243C11.2585 23.2243 14.4385 20.0443 14.4385 16.1161V8.27212C16.0011 9.39428 17.8771 9.99635 19.8008 9.99305V6.13966C19.8008 6.13966 17.4564 6.2519 15.7604 4.29403Z\"\/>\n<\/svg>\n\n                    <\/a>\n                <\/li>\n                    <\/ul>\n    <\/div>\n    \n<\/div><div style=\"height:80px\" aria-hidden=\"true\" class=\"wp-block-spacer\"><\/div><div class=\"nsw-o-thumbnails-gallery  js-slider js-slider-autoplay-fast js-slider-show_4 js-slider-show-tablet_3 js-slider-show-mobile_2\">\n    <div class=\"nsw-o-thumbnails-gallery__content d-flex js-carousel\">\n                    <div class=\"nsw-o-thumbnails-gallery__slide\">\n                <img decoding=\"async\" src=\"https:\/\/sii.pl\/wp-content\/uploads\/2026\/01\/5ME1513-1.jpeg\" alt=\"\">\n            <\/div>\n                    <div class=\"nsw-o-thumbnails-gallery__slide\">\n                <img decoding=\"async\" src=\"https:\/\/sii.pl\/wp-content\/uploads\/2026\/01\/5ME1998-1.jpeg\" alt=\"\">\n            <\/div>\n                    <div class=\"nsw-o-thumbnails-gallery__slide\">\n                <img decoding=\"async\" src=\"https:\/\/sii.pl\/wp-content\/uploads\/2026\/01\/250727JAK3290-scaled-1.jpg\" alt=\"\">\n            <\/div>\n                    <div class=\"nsw-o-thumbnails-gallery__slide\">\n                <img decoding=\"async\" src=\"https:\/\/sii.pl\/wp-content\/uploads\/2026\/01\/250810JAK8218-scaled-1.jpg\" alt=\"\">\n            <\/div>\n                    <div class=\"nsw-o-thumbnails-gallery__slide\">\n                <img decoding=\"async\" src=\"https:\/\/sii.pl\/wp-content\/uploads\/2026\/01\/20251031AA_IJ0046-scaled-1.jpg\" alt=\"\">\n            <\/div>\n                    <div class=\"nsw-o-thumbnails-gallery__slide\">\n                <img decoding=\"async\" src=\"https:\/\/sii.pl\/wp-content\/uploads\/2026\/01\/Polonia-Motor-42-scaled-1.jpg\" alt=\"\">\n            <\/div>\n                    <div class=\"nsw-o-thumbnails-gallery__slide\">\n                <img decoding=\"async\" src=\"https:\/\/sii.pl\/wp-content\/uploads\/2026\/01\/Polonia-Olimpia-strona-127-scaled-1.jpg\" alt=\"\">\n            <\/div>\n                    <div class=\"nsw-o-thumbnails-gallery__slide\">\n                <img decoding=\"async\" src=\"https:\/\/sii.pl\/wp-content\/uploads\/2026\/01\/R5ME7958-scaled-1.jpeg\" alt=\"\">\n            <\/div>\n                    <div class=\"nsw-o-thumbnails-gallery__slide\">\n                <img decoding=\"async\" src=\"https:\/\/sii.pl\/wp-content\/uploads\/2026\/01\/ZDJ7383-Poprawione-Szum-scaled-1.jpg\" alt=\"\">\n            <\/div>\n            <\/div>\n<\/div><div style=\"height:120px\" aria-hidden=\"true\" class=\"wp-block-spacer\"><\/div>","protected":false},"excerpt":{"rendered":"","protected":false},"author":62,"featured_media":0,"parent":0,"menu_order":84,"comment_status":"closed","ping_status":"closed","template":"views\/nsw-blank-page.blade.php","meta":{"_acf_changed":false,"inline_featured_image":false,"footnotes":""},"class_list":["post-130011","page","type-page","status-publish","hentry"],"acf":[],"aioseo_notices":[],"_links":{"self":[{"href":"https:\/\/sii.pl\/de\/wp-json\/wp\/v2\/pages\/130011"}],"collection":[{"href":"https:\/\/sii.pl\/de\/wp-json\/wp\/v2\/pages"}],"about":[{"href":"https:\/\/sii.pl\/de\/wp-json\/wp\/v2\/types\/page"}],"author":[{"embeddable":true,"href":"https:\/\/sii.pl\/de\/wp-json\/wp\/v2\/users\/62"}],"replies":[{"embeddable":true,"href":"https:\/\/sii.pl\/de\/wp-json\/wp\/v2\/comments?post=130011"}],"version-history":[{"count":3,"href":"https:\/\/sii.pl\/de\/wp-json\/wp\/v2\/pages\/130011\/revisions"}],"predecessor-version":[{"id":141537,"href":"https:\/\/sii.pl\/de\/wp-json\/wp\/v2\/pages\/130011\/revisions\/141537"}],"wp:attachment":[{"href":"https:\/\/sii.pl\/de\/wp-json\/wp\/v2\/media?parent=130011"}],"curies":[{"name":"wp","href":"https:\/\/api.w.org\/{rel}","templated":true}]}}