{"id":36718,"date":"2020-03-17T19:03:11","date_gmt":"2020-03-17T19:03:11","guid":{"rendered":"https:\/\/sii.pl\/?page_id=36718"},"modified":"2025-12-19T08:48:50","modified_gmt":"2025-12-19T08:48:50","slug":"projekte-eu","status":"publish","type":"page","link":"https:\/\/sii.pl\/de\/projekte-eu\/","title":{"rendered":"EU Projekte"},"content":{"rendered":"<section class=\"wp-block-nsw-block-section nsw-section  section-334110bb-3008-4884-9bd3-ad743f02a499 u-hidden-on-mobile\" id=\"\"><style type=\"text\/css\">.section-334110bb-3008-4884-9bd3-ad743f02a499 {  }\n     \t\t\t\t\t @media screen and (max-width: 991px) { .section-334110bb-3008-4884-9bd3-ad743f02a499 {  } }<\/style><div class=\"wp-block-sii-nsw-container container container-6ea55e42-ef4a-4bb0-8e3d-e024d1fac5d8\"><style type=\"text\/css\">.container-6ea55e42-ef4a-4bb0-8e3d-e024d1fac5d8 {  }\n                         @media screen and (max-width: 991px) { .container-6ea55e42-ef4a-4bb0-8e3d-e024d1fac5d8 {  } }<\/style><figure class=\"wp-block-image aligncenter size-full d-flex justify-content-center\"><img decoding=\"async\" width=\"1024\" height=\"138\" src=\"https:\/\/sii.pl\/wp-content\/uploads\/2025\/06\/logotypy-feng-1024x138-1.jpg\" alt=\"\" class=\"wp-image-120912\" style=\"object-fit:cover\" srcset=\"https:\/\/sii.pl\/wp-content\/uploads\/2025\/06\/logotypy-feng-1024x138-1.jpg 1024w, https:\/\/sii.pl\/wp-content\/uploads\/2025\/06\/logotypy-feng-1024x138-1-400x54.jpg 400w, https:\/\/sii.pl\/wp-content\/uploads\/2025\/06\/logotypy-feng-1024x138-1-768x104.jpg 768w\" sizes=\"(max-width: 1024px) 100vw, 1024px\" \/><\/figure>\n\n<div style=\"height:15px\" aria-hidden=\"true\" class=\"wp-block-spacer\"><\/div><\/div><\/section><section class=\"wp-block-nsw-block-section nsw-section  section-9a6fdf16-c652-4629-a282-c15bc14a94ee u-hidden-on-desktop\" id=\"\"><style type=\"text\/css\">.section-9a6fdf16-c652-4629-a282-c15bc14a94ee {  }\n     \t\t\t\t\t @media screen and (max-width: 991px) { .section-9a6fdf16-c652-4629-a282-c15bc14a94ee {  } }<\/style><div class=\"wp-block-sii-nsw-container container container-338c2915-39ae-4f32-9e44-1d44900f0ff8\"><style type=\"text\/css\">.container-338c2915-39ae-4f32-9e44-1d44900f0ff8 {  }\n                         @media screen and (max-width: 991px) { .container-338c2915-39ae-4f32-9e44-1d44900f0ff8 {  } }<\/style><figure class=\"wp-block-image aligncenter size-large d-flex justify-content-center\"><img decoding=\"async\" width=\"609\" height=\"1024\" src=\"https:\/\/sii.pl\/wp-content\/uploads\/2025\/06\/logoty-feng-pion-609x1024.jpg\" alt=\"\" class=\"wp-image-120909\" style=\"object-fit:cover\" srcset=\"https:\/\/sii.pl\/wp-content\/uploads\/2025\/06\/logoty-feng-pion-609x1024.jpg 609w, https:\/\/sii.pl\/wp-content\/uploads\/2025\/06\/logoty-feng-pion-238x400.jpg 238w, https:\/\/sii.pl\/wp-content\/uploads\/2025\/06\/logoty-feng-pion-768x1292.jpg 768w, https:\/\/sii.pl\/wp-content\/uploads\/2025\/06\/logoty-feng-pion-913x1536.jpg 913w, https:\/\/sii.pl\/wp-content\/uploads\/2025\/06\/logoty-feng-pion-1218x2048.jpg 1218w, https:\/\/sii.pl\/wp-content\/uploads\/2025\/06\/logoty-feng-pion-scaled.jpg 1522w\" sizes=\"(max-width: 609px) 100vw, 609px\" \/><\/figure>\n\n<div style=\"height:15px\" aria-hidden=\"true\" class=\"wp-block-spacer\"><\/div><\/div><\/section><section class=\"wp-block-nsw-block-section nsw-section  section-78fd53e3-7aac-4df5-abd3-d721615eaafc\" id=\"\"><style type=\"text\/css\">.section-78fd53e3-7aac-4df5-abd3-d721615eaafc { background:#ffffff; }\n     \t\t\t\t\t @media screen and (max-width: 991px) { .section-78fd53e3-7aac-4df5-abd3-d721615eaafc {  } }<\/style><div class=\"wp-block-sii-nsw-header container\"><style type=\"text\/css\">.header-867be0a9-02c2-4d19-ab95-6c27455c986b .nsw-m-title-block__title, .header-867be0a9-02c2-4d19-ab95-6c27455c986b .nsw-m-title-block__subtitle { text-align:center; }\n                         @media screen and (max-width: 991px) { .header-867be0a9-02c2-4d19-ab95-6c27455c986b .nsw-m-title-block__title, .header-867be0a9-02c2-4d19-ab95-6c27455c986b .nsw-m-title-block__subtitle {  } }<\/style><header class=\"nsw-header nsw-m-title-block center header-867be0a9-02c2-4d19-ab95-6c27455c986b -h3 -t2 -at0\"><span class=\"nsw-m-title-block__above-title \"><\/span><h2 class=\"nsw-m-title-block__title \">ENTWICKLUNG EINES AUTOMATISIERTEN, INTELLIGENTEN UND SELBSTLERNENDEN SYSTEMS ZUR VERWALTUNG VON REKRUTIERUNGSPROZESSEN (AI-SOPR)<\/h2><p class=\"nsw-m-title-block__subtitle \"><\/p><\/header><\/div>\n\n<div class=\"wp-block-sii-nsw-container container container-431c71e2-aa8a-443a-85f8-50100beccc9c\"><style type=\"text\/css\">.container-431c71e2-aa8a-443a-85f8-50100beccc9c {  }\n                         @media screen and (max-width: 991px) { .container-431c71e2-aa8a-443a-85f8-50100beccc9c {  } }<\/style><div class=\"wp-block-columns is-layout-flex wp-container-core-columns-is-layout-1 wp-block-columns-is-layout-flex\"><div class=\"wp-block-column is-layout-flow wp-block-column-is-layout-flow\" style=\"flex-basis:15px\"><\/div>\n\n<div class=\"wp-block-column is-layout-flow wp-block-column-is-layout-flow\"><div class=\"wp-block-group is-nowrap is-layout-flex wp-container-core-group-is-layout-1 wp-block-group-is-layout-flex\"><figure class=\"wp-block-table  is-style-full-width-mobile\"><table class=\"has-fixed-layout\"><thead><tr><th>Beg\u00fcnstigter des Projekts:<\/th><th>Sii SP. Z O.O.<\/th><\/tr><\/thead><tbody><tr><td><strong>Wert des Projekts:<\/strong><\/td><td><strong>13 622 807,66 PLN<\/strong><\/td><\/tr><tr><td><strong>EU-Unterst\u00fctzung:<\/strong><\/td><td><strong>8 169 967,54 PLN<\/strong><\/td><\/tr><tr><td><strong>Zeitraum f\u00fcr Realisierung:<\/strong><\/td><td><strong>2024 &#8211; 2027<\/strong><\/td><\/tr><\/tbody><\/table><\/figure><\/div><\/div>\n\n<div class=\"wp-block-column is-layout-flow wp-block-column-is-layout-flow\" style=\"flex-basis:15px\"><\/div><\/div>\n\n<p><strong><br><br><\/strong><strong>Zielsetzung, im Rahmen des Projekts umgesetzte Aktivit\u00e4ten, Zielgruppe:<\/strong><\/p>\n\n<p>Die Zielsetzung des Projekts besteht darin, ein innovatives, mindestens im nationalen Ma\u00dfstab einzigartiges, automatisches, intelligentes und selbstlernendes System zur Verwaltung von Rekrutierungsprozessen zu entwickeln, die Funktionsf\u00e4higkeit zu \u00fcberpr\u00fcfen und es f\u00fcr die Implementierung in der Gesch\u00e4ftst\u00e4tigkeit vorzubereiten. Dieses System wird \u2013 bei erfolgreichem Abschluss des Projekts \u2013 eine Revolution im Ansatz zu den vom Unternehmen t\u00e4glich angebotenen Dienstleistungen darstellen, die darin bestehen, Kunden, die Anfragen stellen und Personalbedarf \u00e4u\u00dfern, mit Personen mit spezifischen Kompetenzen zu versorgen.<\/p>\n\n<p>Im Rahmen des Projekts plant Sii die Durchf\u00fchrung von drei Aufgaben, die als industrielle Forschung klassifiziert sind. Diese decken im Wesentlichen Herausforderungen im Zusammenhang mit Mechanismen zur Empfehlung von Personen f\u00fcr Projekte, der Verarbeitung von Kandidatendaten sowie dem Aufbau von Mechanismen zur Berechnung des Rankings (Scoring) von Kandidaten und der Analyse des Arbeitsfortschritts der besch\u00e4ftigten Personen ab.<\/p>\n\n<p>Nach Abschluss der industriellen Forschung, d. h. nach Erzielung positiver Ergebnisse (Erf\u00fcllung der angenommenen Parameter und Meilensteine) f\u00fcr die drei Hauptaufgaben, wird eine als Entwicklungsarbeit klassifizierte Aufgabe durchgef\u00fchrt. Die Hauptaufgabe besteht darin, alle entwickelten L\u00f6sungen zu einem funktionalen System zu kombinieren, das sich durch ein angemessenes Ma\u00df an Automatisierung, Informationsaustausch, Arbeitsparameter mit hoher Effizienz sowie fehlerfreie und korrekt ausgef\u00fchrte Prozesse und Aufgaben auszeichnet. Im Rahmen dieser Aufgabe wird zudem eine detaillierte \u00dcberpr\u00fcfung einzelner Systembestandteile sowie des Gesamtbetriebs vorgenommen, die letztlich dazu dient, die Funktionsweise des gesamten Mechanismus von k\u00fcnstlicher Intelligenz und maschinellem Lernen im Rekrutierungsprozess endg\u00fcltig zu best\u00e4tigen.<\/p>\n\n<div style=\"height:25px\" aria-hidden=\"true\" class=\"wp-block-spacer\"><\/div>\n\n<figure class=\"wp-block-table  is-style-full-width-mobile\"><table><tbody><tr><td><strong>Ansprechpartner:<\/strong><\/td><td>Kinga Radowiecka<br><a href=\"mailto:kradowiecka@sii.pl\" title=\"\" rel=\"nofollow\" >kradowiecka@sii.pl<br><\/a>tel. +48<strong> <\/strong>532 742 115<\/td><\/tr><\/tbody><\/table><\/figure>\n\n<div style=\"height:30px\" aria-hidden=\"true\" class=\"wp-block-spacer\"><\/div>\n\n<div style=\"height:15px\" aria-hidden=\"true\" class=\"wp-block-spacer\"><\/div><\/div><\/section><section class=\"wp-block-nsw-block-section nsw-section  section-b363904b-d82d-41eb-a4b6-da5887a51fe5\" id=\"\"><style type=\"text\/css\">.section-b363904b-d82d-41eb-a4b6-da5887a51fe5 {  }\n     \t\t\t\t\t @media screen and (max-width: 991px) { .section-b363904b-d82d-41eb-a4b6-da5887a51fe5 {  } }<\/style><div class=\"wp-block-sii-nsw-container container container-4511b614-7968-422e-b386-cc0ac20910bf\"><style type=\"text\/css\">.container-4511b614-7968-422e-b386-cc0ac20910bf {  }\n                         @media screen and (max-width: 991px) { .container-4511b614-7968-422e-b386-cc0ac20910bf {  } }<\/style><div style=\"height:15px\" aria-hidden=\"true\" class=\"wp-block-spacer\"><\/div>\n\n<figure class=\"wp-block-image size-full d-flex justify-content-center\"><img decoding=\"async\" width=\"1024\" height=\"129\" src=\"https:\/\/sii.pl\/wp-content\/uploads\/2025\/06\/eu-projects-logos-1024x129-2.png\" alt=\"\" class=\"wp-image-120919\" srcset=\"https:\/\/sii.pl\/wp-content\/uploads\/2025\/06\/eu-projects-logos-1024x129-2.png 1024w, https:\/\/sii.pl\/wp-content\/uploads\/2025\/06\/eu-projects-logos-1024x129-2-400x50.png 400w, https:\/\/sii.pl\/wp-content\/uploads\/2025\/06\/eu-projects-logos-1024x129-2-768x97.png 768w\" sizes=\"(max-width: 1024px) 100vw, 1024px\" \/><\/figure>\n\n<div style=\"height:15px\" aria-hidden=\"true\" class=\"wp-block-spacer\"><\/div><\/div><\/section><section class=\"wp-block-nsw-block-section nsw-section  section-86cc8b62-5fbf-4fd2-be8f-7801b0cd90e4\" id=\"\"><style type=\"text\/css\">.section-86cc8b62-5fbf-4fd2-be8f-7801b0cd90e4 { background:#ffffff; }\n     \t\t\t\t\t @media screen and (max-width: 991px) { .section-86cc8b62-5fbf-4fd2-be8f-7801b0cd90e4 {  } }<\/style><div class=\"wp-block-sii-nsw-header container\"><style type=\"text\/css\">.header-d65f2832-f53b-4d81-9313-f4226bbedd4c .nsw-m-title-block__title, .header-d65f2832-f53b-4d81-9313-f4226bbedd4c .nsw-m-title-block__subtitle { text-align:center; }\n                         @media screen and (max-width: 991px) { .header-d65f2832-f53b-4d81-9313-f4226bbedd4c .nsw-m-title-block__title, .header-d65f2832-f53b-4d81-9313-f4226bbedd4c .nsw-m-title-block__subtitle {  } }<\/style><header class=\"nsw-header nsw-m-title-block center header-d65f2832-f53b-4d81-9313-f4226bbedd4c -h3 -t2 -at0\"><span class=\"nsw-m-title-block__above-title \"><\/span><h2 class=\"nsw-m-title-block__title \">IT-ENTWICKLUNGSCENTER ALS CHANCE F\u00dcRS WACHSTUM<br>F\u00c4HIGKEIT F\u00dcR DIE ERBRINGUNG DER IT-SERVICES<\/h2><p class=\"nsw-m-title-block__subtitle \"><\/p><\/header><\/div>\n\n<div class=\"wp-block-sii-nsw-container container container-e7fdd0fd-492a-457d-abba-ce5a6eaf5873\"><style type=\"text\/css\">.container-e7fdd0fd-492a-457d-abba-ce5a6eaf5873 {  }\n                         @media screen and (max-width: 991px) { .container-e7fdd0fd-492a-457d-abba-ce5a6eaf5873 {  } }<\/style><div class=\"wp-block-columns is-layout-flex wp-container-core-columns-is-layout-2 wp-block-columns-is-layout-flex\"><div class=\"wp-block-column is-layout-flow wp-block-column-is-layout-flow\" style=\"flex-basis:15px\"><\/div>\n\n<div class=\"wp-block-column is-layout-flow wp-block-column-is-layout-flow\"><div class=\"wp-block-group is-nowrap is-layout-flex wp-container-core-group-is-layout-2 wp-block-group-is-layout-flex\"><figure class=\"wp-block-table  is-style-full-width-mobile\"><table class=\"has-fixed-layout\"><thead><tr><th>Beg\u00fcnstigter des Projekts:<\/th><th>sii sp. z o.o.<\/th><\/tr><\/thead><tbody><tr><td><strong>Wert des Projekts:<\/strong><\/td><td><strong>57 388 455 PLN<\/strong><\/td><\/tr><tr><td><strong>EU-Unterst\u00fctzung:<\/strong><\/td><td><strong>11 547 084, 74 PLN<\/strong><\/td><\/tr><tr><td><strong>Zeitraum f\u00fcr Realisierung:<\/strong><\/td><td><strong>2012 &#8211; 2015<\/strong><\/td><\/tr><\/tbody><\/table><\/figure><\/div><\/div>\n\n<div class=\"wp-block-column is-layout-flow wp-block-column-is-layout-flow\" style=\"flex-basis:15px\"><\/div><\/div>\n\n<figure class=\"wp-block-table  is-style-full-width-mobile\"><table class=\"has-fixed-layout\"><tbody><tr><td><strong>Ansprechpartner:<\/strong><\/td><td>Agata Zag\u00f3rska<br><a href=\"mailto:azagorska@sii.pl\" rel=\"nofollow\" >azagorska@sii.pl<br><\/a>tel. +48 22 486 37 37<\/td><\/tr><\/tbody><\/table><\/figure>\n\n<div style=\"height:30px\" aria-hidden=\"true\" class=\"wp-block-spacer\"><\/div>\n\n<div style=\"height:15px\" aria-hidden=\"true\" class=\"wp-block-spacer\"><\/div><\/div><\/section><section class=\"wp-block-nsw-block-section nsw-section  section-423033c9-c986-4f79-a32f-16087b199406\" id=\"\"><style type=\"text\/css\">.section-423033c9-c986-4f79-a32f-16087b199406 {  }\n     \t\t\t\t\t @media screen and (max-width: 991px) { .section-423033c9-c986-4f79-a32f-16087b199406 {  } }<\/style><div class=\"wp-block-sii-nsw-container container container-885881e1-71b7-44e2-9476-d3b81dabc2b5\"><style type=\"text\/css\">.container-885881e1-71b7-44e2-9476-d3b81dabc2b5 {  }\n                         @media screen and (max-width: 991px) { .container-885881e1-71b7-44e2-9476-d3b81dabc2b5 {  } }<\/style><div style=\"height:15px\" aria-hidden=\"true\" class=\"wp-block-spacer\"><\/div>\n\n<figure class=\"wp-block-image size-full d-flex justify-content-center\"><img decoding=\"async\" width=\"1024\" height=\"129\" src=\"https:\/\/sii.pl\/wp-content\/uploads\/2025\/06\/eu-projects-logos-1024x129-1.png\" alt=\"\" class=\"wp-image-120916\" style=\"object-fit:cover\" srcset=\"https:\/\/sii.pl\/wp-content\/uploads\/2025\/06\/eu-projects-logos-1024x129-1.png 1024w, https:\/\/sii.pl\/wp-content\/uploads\/2025\/06\/eu-projects-logos-1024x129-1-400x50.png 400w, https:\/\/sii.pl\/wp-content\/uploads\/2025\/06\/eu-projects-logos-1024x129-1-768x97.png 768w\" sizes=\"(max-width: 1024px) 100vw, 1024px\" \/><\/figure>\n\n<div style=\"height:15px\" aria-hidden=\"true\" class=\"wp-block-spacer\"><\/div><\/div><\/section><section class=\"wp-block-nsw-block-section nsw-section  section-629de759-d65c-4019-bedf-8a981a678167\" id=\"\"><style type=\"text\/css\">.section-629de759-d65c-4019-bedf-8a981a678167 { background:#ffffff; }\n     \t\t\t\t\t @media screen and (max-width: 991px) { .section-629de759-d65c-4019-bedf-8a981a678167 {  } }<\/style><div class=\"wp-block-sii-nsw-header container\"><style type=\"text\/css\">.header-54eddf62-8044-49ce-8820-3fdca4f480d6 .nsw-m-title-block__title, .header-54eddf62-8044-49ce-8820-3fdca4f480d6 .nsw-m-title-block__subtitle { text-align:center; }\n                         @media screen and (max-width: 991px) { .header-54eddf62-8044-49ce-8820-3fdca4f480d6 .nsw-m-title-block__title, .header-54eddf62-8044-49ce-8820-3fdca4f480d6 .nsw-m-title-block__subtitle {  } }<\/style><header class=\"nsw-header nsw-m-title-block center header-54eddf62-8044-49ce-8820-3fdca4f480d6 -h3 -t2 -at0\"><span class=\"nsw-m-title-block__above-title \"><\/span><h2 class=\"nsw-m-title-block__title \">ZUSCH\u00dcSSE F\u00dcR INNOVATION<br>IT-ENTWICKLUNGSCENTER ALS SCHL\u00dcSSEL<br>F\u00dcR DIE EINF\u00dcHRUNG DER NEUEN GESCH\u00c4FTSL\u00d6SUNGEN<\/h2><p class=\"nsw-m-title-block__subtitle \"><\/p><\/header><\/div>\n\n<div class=\"wp-block-sii-nsw-container container container-c5586b06-6b80-40ea-a122-9e7fe2f227ed\"><style type=\"text\/css\">.container-c5586b06-6b80-40ea-a122-9e7fe2f227ed {  }\n                         @media screen and (max-width: 991px) { .container-c5586b06-6b80-40ea-a122-9e7fe2f227ed {  } }<\/style><div class=\"wp-block-columns is-layout-flex wp-container-core-columns-is-layout-3 wp-block-columns-is-layout-flex\"><div class=\"wp-block-column is-layout-flow wp-block-column-is-layout-flow\" style=\"flex-basis:15px\"><\/div>\n\n<div class=\"wp-block-column is-layout-flow wp-block-column-is-layout-flow\"><div class=\"wp-block-group is-nowrap is-layout-flex wp-container-core-group-is-layout-3 wp-block-group-is-layout-flex\"><figure class=\"wp-block-table  is-style-full-width-mobile\"><table class=\"has-fixed-layout\"><thead><tr><th>Beg\u00fcnstigter des Projekts:<\/th><th>SII SP. Z O.O.<\/th><\/tr><\/thead><tbody><tr><td><strong>Wert des Projekts:<\/strong><\/td><td><strong>41 609 200 PLN<\/strong><\/td><\/tr><tr><td><strong>EU-Unterst\u00fctzung:<\/strong><\/td><td><strong>12 137 256 PLN<\/strong><\/td><\/tr><tr><td><strong>Zeitraum f\u00fcr Realisierung:<\/strong><\/td><td><strong>2010 &#8211; 2015<\/strong><\/td><\/tr><\/tbody><\/table><\/figure><\/div>\n\n<figure class=\"wp-block-table alignwide is-style-regular  is-style-full-width-mobile\"><table class=\"has-fixed-layout\"><tbody><tr><td><strong>Ansprechpartner:<\/strong><\/td><td>Joanna Chmielewska<br><a href=\"mailto:jchmielewska@sii.pl\" title=\"\" rel=\"nofollow\" >jchmielewska@sii.pl<br><\/a>tel. +48 22 486 37 37<\/td><\/tr><\/tbody><\/table><\/figure><\/div>\n\n<div class=\"wp-block-column is-layout-flow wp-block-column-is-layout-flow\" style=\"flex-basis:15px\"><\/div><\/div>\n\n<div style=\"height:15px\" aria-hidden=\"true\" class=\"wp-block-spacer\"><\/div><\/div><\/section><p><\/p>","protected":false},"excerpt":{"rendered":"","protected":false},"author":25,"featured_media":0,"parent":0,"menu_order":163,"comment_status":"closed","ping_status":"closed","template":"views\/nsw-generic.blade.php","meta":{"_acf_changed":false,"inline_featured_image":false,"footnotes":""},"class_list":["post-36718","page","type-page","status-publish","hentry"],"acf":[],"aioseo_notices":[],"_links":{"self":[{"href":"https:\/\/sii.pl\/de\/wp-json\/wp\/v2\/pages\/36718"}],"collection":[{"href":"https:\/\/sii.pl\/de\/wp-json\/wp\/v2\/pages"}],"about":[{"href":"https:\/\/sii.pl\/de\/wp-json\/wp\/v2\/types\/page"}],"author":[{"embeddable":true,"href":"https:\/\/sii.pl\/de\/wp-json\/wp\/v2\/users\/25"}],"replies":[{"embeddable":true,"href":"https:\/\/sii.pl\/de\/wp-json\/wp\/v2\/comments?post=36718"}],"version-history":[{"count":2,"href":"https:\/\/sii.pl\/de\/wp-json\/wp\/v2\/pages\/36718\/revisions"}],"predecessor-version":[{"id":135240,"href":"https:\/\/sii.pl\/de\/wp-json\/wp\/v2\/pages\/36718\/revisions\/135240"}],"wp:attachment":[{"href":"https:\/\/sii.pl\/de\/wp-json\/wp\/v2\/media?parent=36718"}],"curies":[{"name":"wp","href":"https:\/\/api.w.org\/{rel}","templated":true}]}}